{"id":14567,"date":"2017-08-01T04:48:05","date_gmt":"2017-08-01T04:48:05","guid":{"rendered":"http:\/\/visualarts.local\/?page_id=14567"},"modified":"2022-08-29T11:37:11","modified_gmt":"2022-08-29T09:37:11","slug":"home","status":"publish","type":"page","link":"https:\/\/salvacarbonellart.es\/en","title":{"rendered":"Home"},"content":{"rendered":"<div class=\"vc_row wpb_row vc_row-fluid vc_row-o-content-middle vc_row-flex\"><div class=\"wpb_column vc_column_container vc_col-sm-12\"><div class=\"vc_column-inner\"><div class=\"wpb_wrapper\">\n\t\t\t<!-- START Slider 1 REVOLUTION SLIDER 6.5.19 --><p class=\"rs-p-wp-fix\"><\/p>\n\t\t\t<rs-module-wrap id=\"rev_slider_1_1_wrapper\" data-source=\"gallery\" style=\"visibility:hidden;background:transparent;padding:0;margin:0px auto;margin-top:0;margin-bottom:0;\">\n\t\t\t\t<rs-module id=\"rev_slider_1_1\" style=\"\" data-version=\"6.5.19\">\n\t\t\t\t\t<rs-slides>\n\t\t\t\t\t\t<rs-slide style=\"position: absolute;\" data-key=\"rs-1\" data-title=\"Slide\" data-in=\"o:0;\" data-out=\"a:false;\">\n\t\t\t\t\t\t\t<img src=\"\/\/salvacarbonellart.es\/wp-content\/plugins\/revslider\/public\/assets\/assets\/dummy.png\" alt=\"\" title=\"colorful-2137080_1920\" width=\"1920\" height=\"1142\" class=\"rev-slidebg tp-rs-img rs-lazyload\" data-lazyload=\"\/\/salvacarbonellart.es\/wp-content\/uploads\/2022\/08\/colorful-2137080_1920.jpg\" data-no-retina>\n<!--\n\t\t\t\t\t\t\t--><rs-layer\n\t\t\t\t\t\t\t\tid=\"slider-1-slide-1-layer-0\" \n\t\t\t\t\t\t\t\tdata-type=\"text\"\n\t\t\t\t\t\t\t\tdata-rsp_ch=\"on\"\n\t\t\t\t\t\t\t\tdata-xy=\"xo:12px,12px,12px,3px;yo:750px,750px,750px,289px;\"\n\t\t\t\t\t\t\t\tdata-text=\"w:normal;s:49,49,49,18;l:61,61,61,22;\"\n\t\t\t\t\t\t\t\tdata-vbility=\"t,t,t,f\"\n\t\t\t\t\t\t\t\tdata-frame_999=\"o:0;st:w;\"\n\t\t\t\t\t\t\t\tstyle=\"z-index:9;font-family:'Fjalla One';\"\n\t\t\t\t\t\t\t>Life is color \n\t\t\t\t\t\t\t<\/rs-layer><!--\n\n\t\t\t\t\t\t\t--><rs-layer\n\t\t\t\t\t\t\t\tid=\"slider-1-slide-1-layer-2\" \n\t\t\t\t\t\t\t\tdata-type=\"text\"\n\t\t\t\t\t\t\t\tdata-rsp_ch=\"on\"\n\t\t\t\t\t\t\t\tdata-xy=\"xo:584px,584px,584px,14px;yo:760px,760px,760px,650px;\"\n\t\t\t\t\t\t\t\tdata-text=\"w:normal;s:49;l:61,61,61,60;\"\n\t\t\t\t\t\t\t\tdata-vbility=\"f,f,f,t\"\n\t\t\t\t\t\t\t\tdata-frame_999=\"o:0;st:w;\"\n\t\t\t\t\t\t\t\tstyle=\"z-index:8;font-family:'Fjalla One';\"\n\t\t\t\t\t\t\t>Life is color \n\t\t\t\t\t\t\t<\/rs-layer><!--\n-->\t\t\t\t\t\t<\/rs-slide>\n\t\t\t\t\t\t<rs-slide style=\"position: absolute;\" data-key=\"rs-2\" data-title=\"Slide\" data-in=\"o:0;\" data-out=\"a:false;\">\n\t\t\t\t\t\t\t<img src=\"\/\/salvacarbonellart.es\/wp-content\/plugins\/revslider\/public\/assets\/assets\/dummy.png\" alt=\"\" title=\"brushes-3129361_1920\" width=\"1771\" height=\"1089\" class=\"rev-slidebg tp-rs-img rs-lazyload\" data-lazyload=\"\/\/salvacarbonellart.es\/wp-content\/uploads\/2022\/08\/brushes-3129361_1920.jpg\" data-no-retina>\n<!--\n\t\t\t\t\t\t\t--><rs-layer\n\t\t\t\t\t\t\t\tid=\"slider-1-slide-2-layer-1\" \n\t\t\t\t\t\t\t\tdata-type=\"text\"\n\t\t\t\t\t\t\t\tdata-rsp_ch=\"on\"\n\t\t\t\t\t\t\t\tdata-xy=\"xo:21px,21px,21px,7px;yo:644px,644px,644px,248px;\"\n\t\t\t\t\t\t\t\tdata-text=\"w:normal;s:49,49,49,18;l:61,61,61,22;\"\n\t\t\t\t\t\t\t\tdata-vbility=\"t,t,t,f\"\n\t\t\t\t\t\t\t\tdata-frame_999=\"o:0;st:w;\"\n\t\t\t\t\t\t\t\tstyle=\"z-index:9;font-family:'Fjalla One';\"\n\t\t\t\t\t\t\t>With a pencil and a brush<br \/>\nI will paint your life \n\t\t\t\t\t\t\t<\/rs-layer><!--\n\n\t\t\t\t\t\t\t--><rs-layer\n\t\t\t\t\t\t\t\tid=\"slider-1-slide-2-layer-3\" \n\t\t\t\t\t\t\t\tdata-type=\"text\"\n\t\t\t\t\t\t\t\tdata-rsp_ch=\"on\"\n\t\t\t\t\t\t\t\tdata-xy=\"xo:21px,21px,21px,18px;yo:644px,644px,644px,100px;\"\n\t\t\t\t\t\t\t\tdata-text=\"w:normal;s:49,49,49,36;l:61,61,61,44;\"\n\t\t\t\t\t\t\t\tdata-vbility=\"f,f,f,t\"\n\t\t\t\t\t\t\t\tdata-frame_0=\"x:0,0,0,0px;y:0,0,0,0px;\"\n\t\t\t\t\t\t\t\tdata-frame_1=\"x:0,0,0,0px;y:0,0,0,0px;\"\n\t\t\t\t\t\t\t\tdata-frame_999=\"o:0;st:w;\"\n\t\t\t\t\t\t\t\tstyle=\"z-index:8;font-family:'Fjalla One';\"\n\t\t\t\t\t\t\t>With a pencil and a brush<br \/>\nI will paint your life \n\t\t\t\t\t\t\t<\/rs-layer><!--\n-->\t\t\t\t\t\t<\/rs-slide>\n\t\t\t\t\t<\/rs-slides>\n\t\t\t\t<\/rs-module>\n\t\t\t\t<script>\n\t\t\t\t\tsetREVStartSize({c: 'rev_slider_1_1',rl:[1240,1240,1240,480],el:[900,900,900,720],gw:[1240,1240,1240,480],gh:[900,900,900,720],type:'standard',justify:'',layout:'fullwidth',mh:\"0\"});if (window.RS_MODULES!==undefined && window.RS_MODULES.modules!==undefined && window.RS_MODULES.modules[\"revslider11\"]!==undefined) {window.RS_MODULES.modules[\"revslider11\"].once = false;window.revapi1 = undefined;if (window.RS_MODULES.checkMinimal!==undefined) window.RS_MODULES.checkMinimal()}\n\t\t\t\t<\/script>\n\t\t\t<\/rs-module-wrap>\n\t\t\t<!-- END REVOLUTION SLIDER -->\n<\/div><\/div><\/div><\/div><div class=\"vc_row wpb_row vc_row-fluid vc_row-o-content-middle vc_row-flex\"><div class=\"wpb_column vc_column_container vc_col-sm-12\"><div class=\"vc_column-inner\"><div class=\"wpb_wrapper\"><div class=\"vc_empty_space\"   style=\"height: 70px\"><span class=\"vc_empty_space_inner\"><\/span><\/div><h2 style=\"text-align: center;font-family:Fjalla One;font-weight:400;font-style:normal\" class=\"vc_custom_heading dt-sc-ribbon-title\" >Salva Carbonell Art<\/h2><h2 style=\"text-align: left;font-family:Fjalla One;font-weight:400;font-style:normal\" class=\"vc_custom_heading\" >About me<\/h2><div class=\"vc_separator wpb_content_element vc_separator_align_center vc_sep_width_10 vc_sep_border_width_3 vc_sep_pos_align_left vc_separator_no_text vc_sep_color_black\" ><span class=\"vc_sep_holder vc_sep_holder_l\"><span  class=\"vc_sep_line\"><\/span><\/span><span class=\"vc_sep_holder vc_sep_holder_r\"><span  class=\"vc_sep_line\"><\/span><\/span>\n<\/div><div class=\"vc_row wpb_row vc_inner vc_row-fluid\"><div class=\"wpb_column vc_column_container vc_col-sm-8\"><div class=\"vc_column-inner\"><div class=\"wpb_wrapper\">\r\n\t<div class=\"wpb_text_column wpb_content_element\"  >\r\n\t\t<div class=\"wpb_wrapper\">\r\n\t\t\t<p style=\"text-align: justify;\">Hello, my name is Salva Carbonell and I am from Valencia, Spain. The years go by and sometimes past hobbies come back, like drawing in my case, and, although I am self-taught, I have taken some online courses to perfect the techniques with which I draw and paint.<\/p>\n<p style=\"text-align: justify;\">A part of my years was spent between drawing, just for the pleasure of drawing, and working in graphic arts, which has helped me a lot to observe and perfect the work I do now; also the affection for animals and nature has influenced me and at this moment I direct my work towards making drawings of pets mainly, although I dare with everything.<\/p>\n<p style=\"text-align: justify;\">Making drawings of those pets that give us so much joy and keeping them forever produces great satisfaction, also because of the feelings of affection that they awaken in us, both cats, dogs or other species of animals, no matter what it is, they share and shared our moments in life and making a realistic drawing brings it to us today, it is a sign of respect and affection towards them and can become an excellent gift or simply for personal taste.<\/p>\n<p style=\"text-align: justify;\">I make the drawings with excellent materials so that they last as long as we do, accompanying us forever. The soft pastel technique gives the drawing strength and liveliness, the colors are vibrant and enhance the image, giving life to the drawing itself.<\/p>\n<p style=\"text-align: center;\">Think about it! The next one could be yours.<\/p>\n\r\n\t\t<\/div>\r\n\t<\/div>\r\n<\/div><\/div><\/div><div class=\"wpb_column vc_column_container vc_col-sm-4\"><div class=\"vc_column-inner\"><div class=\"wpb_wrapper\">\n\t<div  class=\"wpb_single_image wpb_content_element vc_align_left\">\n\t\t\n\t\t<figure class=\"wpb_wrapper vc_figure\">\n\t\t\t<div class=\"vc_single_image-wrapper   vc_box_border_grey\"><img width=\"512\" height=\"512\" src=\"https:\/\/salvacarbonellart.es\/wp-content\/uploads\/2022\/03\/cropped-FavIcon_SalvaCarbonellArt.png\" class=\"vc_single_image-img attachment-full\" alt=\"\" decoding=\"async\" title=\"cropped-FavIcon_SalvaCarbonellArt.png\" loading=\"lazy\" srcset=\"https:\/\/salvacarbonellart.es\/wp-content\/uploads\/2022\/03\/cropped-FavIcon_SalvaCarbonellArt.png 512w, https:\/\/salvacarbonellart.es\/wp-content\/uploads\/2022\/03\/cropped-FavIcon_SalvaCarbonellArt-300x300.png 300w, https:\/\/salvacarbonellart.es\/wp-content\/uploads\/2022\/03\/cropped-FavIcon_SalvaCarbonellArt-150x150.png 150w, https:\/\/salvacarbonellart.es\/wp-content\/uploads\/2022\/03\/cropped-FavIcon_SalvaCarbonellArt-450x450.png 450w, https:\/\/salvacarbonellart.es\/wp-content\/uploads\/2022\/03\/cropped-FavIcon_SalvaCarbonellArt-100x100.png 100w, https:\/\/salvacarbonellart.es\/wp-content\/uploads\/2022\/03\/cropped-FavIcon_SalvaCarbonellArt-270x270.png 270w, https:\/\/salvacarbonellart.es\/wp-content\/uploads\/2022\/03\/cropped-FavIcon_SalvaCarbonellArt-192x192.png 192w, https:\/\/salvacarbonellart.es\/wp-content\/uploads\/2022\/03\/cropped-FavIcon_SalvaCarbonellArt-180x180.png 180w, https:\/\/salvacarbonellart.es\/wp-content\/uploads\/2022\/03\/cropped-FavIcon_SalvaCarbonellArt-32x32.png 32w\" sizes=\"(max-width: 512px) 100vw, 512px\" \/><\/div>\n\t\t<\/figure>\n\t<\/div>\n<\/div><\/div><\/div><\/div><div class=\"vc_empty_space\"   style=\"height: 70px\"><span class=\"vc_empty_space_inner\"><\/span><\/div><\/div><\/div><\/div><\/div><!-- Row Backgrounds --><div class=\"upb_color\" data-bg-override=\"full\" data-bg-color=\"#ededed\" data-fadeout=\"\" data-fadeout-percentage=\"30\" data-parallax-content=\"\" data-parallax-content-sense=\"30\" data-row-effect-mobile-disable=\"true\" data-img-parallax-mobile-disable=\"true\" data-rtl=\"false\"  data-custom-vc-row=\"\"  data-vc=\"6.8.0\"  data-is_old_vc=\"\"  data-theme-support=\"\"   data-overlay=\"false\" data-overlay-color=\"\" data-overlay-pattern=\"\" data-overlay-pattern-opacity=\"\" data-overlay-pattern-size=\"\"    ><\/div><div class=\"vc_row wpb_row vc_row-fluid vc_row-o-content-middle vc_row-flex\"><div class=\"wpb_column vc_column_container vc_col-sm-12\"><div class=\"vc_column-inner\"><div class=\"wpb_wrapper\"><\/div><\/div><\/div><\/div><div class=\"vc_row wpb_row vc_row-fluid vc_row-o-content-middle vc_row-flex\"><div class=\"wpb_column vc_column_container vc_col-sm-6\"><div class=\"vc_column-inner\"><div class=\"wpb_wrapper\"><div class=\"vc_empty_space\"   style=\"height: 70px\"><span class=\"vc_empty_space_inner\"><\/span><\/div><div class=\"ult-content-box-container dt-sc-dark-bg\" >\t\t<div class=\"ult-content-box\" style=\"background-color:#000000;box-shadow: px px px px none;padding:40px;-webkit-transition: all 700ms ease;-moz-transition: all 700ms ease;-ms-transition: all 700ms ease;-o-transition: all 700ms ease;transition: all 700ms ease;\"  data-hover_box_shadow=\"none\"     data-bg=\"#000000\" >\n\t<div  class=\"wpb_single_image wpb_content_element vc_align_center\">\n\t\t\n\t\t<figure class=\"wpb_wrapper vc_figure\">\n\t\t\t<div class=\"vc_single_image-wrapper   vc_box_border_grey\"><img width=\"512\" height=\"512\" src=\"https:\/\/salvacarbonellart.es\/wp-content\/uploads\/2022\/03\/cropped-FavIcon_SalvaCarbonellArt.png\" class=\"vc_single_image-img attachment-full\" alt=\"\" decoding=\"async\" title=\"cropped-FavIcon_SalvaCarbonellArt.png\" loading=\"lazy\" srcset=\"https:\/\/salvacarbonellart.es\/wp-content\/uploads\/2022\/03\/cropped-FavIcon_SalvaCarbonellArt.png 512w, https:\/\/salvacarbonellart.es\/wp-content\/uploads\/2022\/03\/cropped-FavIcon_SalvaCarbonellArt-300x300.png 300w, https:\/\/salvacarbonellart.es\/wp-content\/uploads\/2022\/03\/cropped-FavIcon_SalvaCarbonellArt-150x150.png 150w, https:\/\/salvacarbonellart.es\/wp-content\/uploads\/2022\/03\/cropped-FavIcon_SalvaCarbonellArt-450x450.png 450w, https:\/\/salvacarbonellart.es\/wp-content\/uploads\/2022\/03\/cropped-FavIcon_SalvaCarbonellArt-100x100.png 100w, https:\/\/salvacarbonellart.es\/wp-content\/uploads\/2022\/03\/cropped-FavIcon_SalvaCarbonellArt-270x270.png 270w, https:\/\/salvacarbonellart.es\/wp-content\/uploads\/2022\/03\/cropped-FavIcon_SalvaCarbonellArt-192x192.png 192w, https:\/\/salvacarbonellart.es\/wp-content\/uploads\/2022\/03\/cropped-FavIcon_SalvaCarbonellArt-180x180.png 180w, https:\/\/salvacarbonellart.es\/wp-content\/uploads\/2022\/03\/cropped-FavIcon_SalvaCarbonellArt-32x32.png 32w\" sizes=\"(max-width: 512px) 100vw, 512px\" \/><\/div>\n\t\t<\/figure>\n\t<\/div>\n<h2 style=\"font-size: 24px;text-align: center\" class=\"vc_custom_heading vcr_heading-right\" >Salvador Carbonell Serna<\/h2>\r\n\t<div class=\"wpb_text_column wpb_content_element\"  >\r\n\t\t<div class=\"wpb_wrapper\">\r\n\t\t\t<p>Contact me through the form, Instagram, Facebook or Whatsapp. Ask for a budget without commitment. You can see my works here.<\/p>\n\r\n\t\t<\/div>\r\n\t<\/div>\r\n<a href='https:\/\/salvacarbonellart.es\/en\/mis-trabajos\/' target='_self' title='Portfolio' class='dt-sc-button   medium   bordered' > Portfolio <\/a><div class=\"vc_empty_space\"   style=\"height: 15px\"><span class=\"vc_empty_space_inner\"><\/span><\/div>\r\n\t<div class=\"wpb_text_column wpb_content_element\"  >\r\n\t\t<div class=\"wpb_wrapper\">\r\n\t\t\t<p>salva@salvacarbonellart.es<\/p>\n\r\n\t\t<\/div>\r\n\t<\/div>\r\n\t\t<\/div><\/div><div class=\"vc_empty_space\"   style=\"height: 70px\"><span class=\"vc_empty_space_inner\"><\/span><\/div><\/div><\/div><\/div><div class=\"wpb_column vc_column_container vc_col-sm-6\"><div class=\"vc_column-inner\"><div class=\"wpb_wrapper\"><div class=\"vc_empty_space\"   style=\"height: 70px\"><span class=\"vc_empty_space_inner\"><\/span><\/div><h2 style=\"text-align: left;font-family:Fjalla One;font-weight:400;font-style:normal\" class=\"vc_custom_heading\" >Contact<\/h2><div class=\"vc_separator wpb_content_element vc_separator_align_center vc_sep_width_10 vc_sep_border_width_3 vc_sep_pos_align_left vc_separator_no_text vc_sep_color_black\" ><span class=\"vc_sep_holder vc_sep_holder_l\"><span  class=\"vc_sep_line\"><\/span><\/span><span class=\"vc_sep_holder vc_sep_holder_r\"><span  class=\"vc_sep_line\"><\/span><\/span>\n<\/div><div class=\"vc_empty_space\"   style=\"height: 30px\"><span class=\"vc_empty_space_inner\"><\/span><\/div><h2 style=\"text-align: left\" class=\"vc_custom_heading\" >615 49 70 19<\/h2><div class='dt-sc-clear'> <\/div><ul class='dt-sc-sociable square-border rounded-border architecture-contact-social'><li> <a class='fa fa-facebook' title='Facebook' href='https:\/\/www.facebook.com\/Salva-Carbonell-Art-110515374762839' target='_blank'> <\/a> <\/li><li> <a class='fa fa-instagram' title='Instagram' href='https:\/\/www.instagram.com\/salvacarbonell.art\/' target='_blank'> <\/a> <\/li><\/ul><div class=\"vc_empty_space\"   style=\"height: 35px\"><span class=\"vc_empty_space_inner\"><\/span><\/div><div role=\"form\" class=\"wpcf7\" id=\"wpcf7-f14720-o1\" lang=\"en-US\" dir=\"ltr\">\n<div class=\"screen-reader-response\"><p role=\"status\" aria-live=\"polite\" aria-atomic=\"true\"><\/p> <ul><\/ul><\/div>\n<form action=\"\/en\/wp-json\/wp\/v2\/pages\/14567#wpcf7-f14720-o1\" method=\"post\" class=\"wpcf7-form init\" novalidate=\"novalidate\" data-status=\"init\" data-trp-original-action=\"\/en\/wp-json\/wp\/v2\/pages\/14567#wpcf7-f14720-o1\">\n<div style=\"display: none;\">\n<input type=\"hidden\" name=\"_wpcf7\" value=\"14720\" \/>\n<input type=\"hidden\" name=\"_wpcf7_version\" value=\"5.6.2\" \/>\n<input type=\"hidden\" name=\"_wpcf7_locale\" value=\"en_US\" \/>\n<input type=\"hidden\" name=\"_wpcf7_unit_tag\" value=\"wpcf7-f14720-o1\" \/>\n<input type=\"hidden\" name=\"_wpcf7_container_post\" value=\"0\" \/>\n<input type=\"hidden\" name=\"_wpcf7_posted_data_hash\" value=\"\" \/>\n<\/div>\n<h3 style=\"padding-left: 10px;\">SEND ME A MESSAGE<\/h3>\n<div class=\"wpb_column vc_column_container vc_col-sm-6\"><div class=\"vc_column-inner\" style=\"padding-left: 10px; padding-right:10px;\"><div class=\"wpb_wrapper\"><span class=\"wpcf7-form-control-wrap\" data-name=\"text-884\"><input type=\"text\" name=\"text-884\" value=\"\" size=\"40\" class=\"wpcf7-form-control wpcf7-text wpcf7-validates-as-required\" aria-required=\"true\" aria-invalid=\"false\" placeholder=\"Name\" \/><\/span><\/div><\/div><\/div><div class=\"wpb_column vc_column_container vc_col-sm-6\"><div class=\"vc_column-inner\" style=\"padding-left:10px; padding-right:10px;\"><div class=\"wpb_wrapper\"><span class=\"wpcf7-form-control-wrap\" data-name=\"email-388\"><input type=\"email\" name=\"email-388\" value=\"\" size=\"40\" class=\"wpcf7-form-control wpcf7-text wpcf7-email wpcf7-validates-as-required wpcf7-validates-as-email\" aria-required=\"true\" aria-invalid=\"false\" placeholder=\"E-Mail\" \/><\/span><\/div><\/div><\/div><div class='dt-sc-hr-invisible-xsmall'> <\/div><div class=\"wpb_column vc_column_container vc_col-sm-6\"><div class=\"vc_column-inner\" style=\"padding-left: 10px; padding-right:10px;\"><div class=\"wpb_wrapper\"><span class=\"wpcf7-form-control-wrap\" data-name=\"tel-843\"><input type=\"tel\" name=\"tel-843\" value=\"\" size=\"40\" class=\"wpcf7-form-control wpcf7-text wpcf7-tel wpcf7-validates-as-tel\" aria-invalid=\"false\" placeholder=\"Phone\" \/><\/span><\/div><\/div><\/div><div class=\"wpb_column vc_column_container vc_col-sm-6\"><div class=\"vc_column-inner\" style=\"padding-left:10px; padding-right:10px;\"><div class=\"wpb_wrapper\"><span class=\"wpcf7-form-control-wrap\" data-name=\"text-884\"><input type=\"text\" name=\"text-884\" value=\"\" size=\"40\" class=\"wpcf7-form-control wpcf7-text\" aria-invalid=\"false\" placeholder=\"Issue\" \/><\/span><\/div><\/div><\/div><div class='dt-sc-hr-invisible-xsmall'> <\/div><div class='dt-sc-clear'> <\/div><div class=\"wpb_column vc_column_container vc_col-sm-12\"><div class=\"vc_column-inner\" style=\"padding-left: 10px; padding-right:10px;\"><div class=\"wpb_wrapper\"><span class=\"wpcf7-form-control-wrap\" data-name=\"textarea-183\"><textarea name=\"textarea-183\" cols=\"40\" rows=\"10\" class=\"wpcf7-form-control wpcf7-textarea\" aria-invalid=\"false\" placeholder=\"Message\"><\/textarea><\/span><div class='dt-sc-hr-invisible-xsmall'> <\/div><input type=\"submit\" value=\"Send\" class=\"wpcf7-form-control has-spinner wpcf7-submit\" \/><\/div><\/div><\/div>\n<div class=\"wpcf7-response-output\" aria-hidden=\"true\"><\/div><input type=\"hidden\" name=\"trp-form-language\" value=\"en\"\/><\/form><\/div><div class='dt-sc-clear'> <\/div><div class=\"vc_empty_space\"   style=\"height: 70px\"><span class=\"vc_empty_space_inner\"><\/span><\/div><\/div><\/div><\/div><\/div><!-- Row Backgrounds --><div class=\"upb_color\" data-bg-override=\"full\" data-bg-color=\"#ededed\" data-fadeout=\"\" data-fadeout-percentage=\"30\" data-parallax-content=\"\" data-parallax-content-sense=\"30\" data-row-effect-mobile-disable=\"true\" data-img-parallax-mobile-disable=\"true\" data-rtl=\"false\"  data-custom-vc-row=\"\"  data-vc=\"6.8.0\"  data-is_old_vc=\"\"  data-theme-support=\"\"   data-overlay=\"false\" data-overlay-color=\"\" data-overlay-pattern=\"\" data-overlay-pattern-opacity=\"\" data-overlay-pattern-size=\"\"    ><\/div><div data-vc-full-width=\"true\" data-vc-full-width-init=\"false\" data-vc-stretch-content=\"true\" class=\"vc_row wpb_row vc_row-fluid\"><div class=\"wpb_column vc_column_container vc_col-sm-12\"><div class=\"vc_column-inner\"><div class=\"wpb_wrapper\">\r\n\t<div class=\"wpb_text_column wpb_content_element\"  >\r\n\t\t<div class=\"wpb_wrapper\">\r\n\t\t\t\t\t<div id=\"instagram-gallery-feed-2\" class=\"instagram-gallery-feed\" data-feed=\"{&quot;id&quot;:&quot;2&quot;,&quot;account_id&quot;:&quot;17841450174177613&quot;,&quot;source&quot;:&quot;username&quot;,&quot;tag&quot;:&quot;wordpress&quot;,&quot;order_by&quot;:&quot;top_media&quot;,&quot;layout&quot;:&quot;carousel&quot;,&quot;limit&quot;:&quot;12&quot;,&quot;columns&quot;:&quot;3&quot;,&quot;lazy&quot;:false,&quot;spacing&quot;:&quot;10&quot;,&quot;highlight&quot;:{&quot;tag&quot;:&quot;&quot;,&quot;id&quot;:&quot;&quot;,&quot;position&quot;:&quot;1,3,5&quot;},&quot;reel&quot;:{&quot;hide&quot;:false},&quot;copyright&quot;:{&quot;hide&quot;:false,&quot;placeholder&quot;:&quot;&quot;},&quot;profile&quot;:{&quot;display&quot;:false,&quot;auto&quot;:false,&quot;username&quot;:&quot;&quot;,&quot;nickname&quot;:&quot;&quot;,&quot;website&quot;:&quot;&quot;,&quot;biography&quot;:&quot;&quot;,&quot;link_text&quot;:&quot;Follow&quot;,&quot;website_text&quot;:&quot;Website&quot;,&quot;avatar&quot;:&quot;&quot;,&quot;name&quot;:&quot;&quot;,&quot;followers_count&quot;:0,&quot;media_count&quot;:0,&quot;link&quot;:&quot;&quot;,&quot;profile_picture_url&quot;:&quot;&quot;},&quot;box&quot;:{&quot;display&quot;:false,&quot;padding&quot;:&quot;1&quot;,&quot;radius&quot;:&quot;0&quot;,&quot;background&quot;:&quot;#fefefe&quot;,&quot;profile&quot;:false,&quot;desc&quot;:&quot;&quot;,&quot;text_color&quot;:&quot;#000000&quot;,&quot;color_text&quot;:&quot;#000000&quot;},&quot;mask&quot;:{&quot;display&quot;:true,&quot;background&quot;:&quot;#000000&quot;,&quot;likes_count&quot;:true,&quot;comments_count&quot;:true,&quot;likes&quot;:true,&quot;comments&quot;:true},&quot;card&quot;:{&quot;display&quot;:false,&quot;radius&quot;:&quot;1&quot;,&quot;font_size&quot;:&quot;12&quot;,&quot;background&quot;:&quot;#ffffff&quot;,&quot;background_hover&quot;:&quot;#ffffff&quot;,&quot;text_color&quot;:&quot;#000000&quot;,&quot;padding&quot;:&quot;5&quot;,&quot;likes_count&quot;:true,&quot;text_length&quot;:10,&quot;comments_count&quot;:true,&quot;text_align&quot;:&quot;left&quot;,&quot;info&quot;:true,&quot;length&quot;:&quot;10&quot;,&quot;caption&quot;:true},&quot;carousel&quot;:{&quot;slidespv&quot;:&quot;5&quot;,&quot;autoplay&quot;:true,&quot;autoplay_interval&quot;:&quot;3000&quot;,&quot;navarrows&quot;:true,&quot;navarrows_color&quot;:&quot;&quot;,&quot;pagination&quot;:true,&quot;pagination_color&quot;:&quot;&quot;},&quot;modal&quot;:{&quot;display&quot;:true,&quot;profile&quot;:false,&quot;media_description&quot;:true,&quot;likes_count&quot;:true,&quot;comments_count&quot;:true,&quot;text_align&quot;:&quot;left&quot;,&quot;modal_align&quot;:&quot;right&quot;,&quot;text_length&quot;:10000,&quot;font_size&quot;:12,&quot;caption&quot;:false,&quot;likes&quot;:false,&quot;comments&quot;:false,&quot;align&quot;:&quot;bottom&quot;},&quot;button&quot;:{&quot;display&quot;:true,&quot;text&quot;:&quot;Ver en Instagram&quot;,&quot;text_color&quot;:&quot;#ffff&quot;,&quot;background&quot;:&quot;&quot;,&quot;background_hover&quot;:&quot;&quot;},&quot;button_load&quot;:{&quot;display&quot;:false,&quot;text&quot;:&quot;Load more...&quot;,&quot;text_color&quot;:&quot;#ffff&quot;,&quot;background&quot;:&quot;&quot;,&quot;background_hover&quot;:&quot;&quot;},&quot;order&quot;:&quot;3&quot;,&quot;resolution&quot;:&quot;standard&quot;,&quot;panel&quot;:&quot;tab_panel_carousel&quot;}\">\n\t\t<!-- <FeedContainer\/> -->\n\t\t<\/div>\n\t\t\n\r\n\t\t<\/div>\r\n\t<\/div>\r\n<\/div><\/div><\/div><\/div><div class=\"vc_row-full-width vc_clearfix\"><\/div>","protected":false},"excerpt":{"rendered":"La vida es color La vida es color Con un l\u00e1piz y un pincel pintar\u00e9 tu vida Con un l\u00e1piz y un pincel pintar\u00e9 tu vida Salva Carbonell ArtSobre m\u00ed Hola, me llamo Salva Carbonell y soy de Valencia, Espa\u00f1a. Los a\u00f1os pasan y a veces vuelven aficiones pasadas como el dibujo en mi caso, [...]","protected":false},"author":1,"featured_media":0,"parent":0,"menu_order":0,"comment_status":"closed","ping_status":"closed","template":"","meta":{"footnotes":""},"_links":{"self":[{"href":"https:\/\/salvacarbonellart.es\/en\/wp-json\/wp\/v2\/pages\/14567"}],"collection":[{"href":"https:\/\/salvacarbonellart.es\/en\/wp-json\/wp\/v2\/pages"}],"about":[{"href":"https:\/\/salvacarbonellart.es\/en\/wp-json\/wp\/v2\/types\/page"}],"author":[{"embeddable":true,"href":"https:\/\/salvacarbonellart.es\/en\/wp-json\/wp\/v2\/users\/1"}],"replies":[{"embeddable":true,"href":"https:\/\/salvacarbonellart.es\/en\/wp-json\/wp\/v2\/comments?post=14567"}],"version-history":[{"count":50,"href":"https:\/\/salvacarbonellart.es\/en\/wp-json\/wp\/v2\/pages\/14567\/revisions"}],"predecessor-version":[{"id":15134,"href":"https:\/\/salvacarbonellart.es\/en\/wp-json\/wp\/v2\/pages\/14567\/revisions\/15134"}],"wp:attachment":[{"href":"https:\/\/salvacarbonellart.es\/en\/wp-json\/wp\/v2\/media?parent=14567"}],"curies":[{"name":"wp","href":"https:\/\/api.w.org\/{rel}","templated":true}]}}